{"id":256,"date":"2022-11-12T00:03:30","date_gmt":"2022-11-11T23:03:30","guid":{"rendered":"https:\/\/acj-alsace.fr\/?page_id=256"},"modified":"2026-03-29T11:12:54","modified_gmt":"2026-03-29T09:12:54","slug":"chorale-a-coeur-joie-selestat","status":"publish","type":"page","link":"https:\/\/acj-alsace.fr\/index.php\/chorale-a-coeur-joie-selestat\/","title":{"rendered":"Les S\u00e9lest&rsquo;s A C\u0153ur Joie"},"content":{"rendered":"\n<p>Chorale Ch\u0153ur d&rsquo;Adultes<\/p>\n\n\n\n<h2 class=\"wp-block-heading\">Direction<\/h2>\n\n\n\n<p>Lucas SAPONE<\/p>\n\n\n\n<h2 class=\"wp-block-heading\">Pr\u00e9sident<\/h2>\n\n\n\n<p>Fran\u00e7ois WAGNER<\/p>\n\n\n\n<h2 class=\"wp-block-heading\">R\u00e9p\u00e9titions<\/h2>\n\n\n\n<p>Mercredi de 19h \u00e0 21h<br>A l&rsquo;\u00c9cole de musique<br>8 rue Paul D\u00e9roul\u00e8de<br>67600 SELESTAT<\/p>\n\n\n\n<p>Nous suivre sur Facebook : <a href=\"https:\/\/www.facebook.com\/profile.php?id=100094350412687\" target=\"_blank\" rel=\"noreferrer noopener\">Lien_Facebook<\/a><\/p>\n\n\n\n<p><a href=\"https:\/\/acj-alsace.fr\/index.php\/envoyer-un-message-a-la-chorale-les-selests\/\" target=\"_blank\" rel=\"noreferrer noopener\">Nous contacter<\/a><\/p>\n","protected":false},"excerpt":{"rendered":"<p>Chorale Ch\u0153ur d&rsquo;Adultes Direction Lucas SAPONE Pr\u00e9sident Fran\u00e7ois WAGNER R\u00e9p\u00e9titions Mercredi de 19h \u00e0 21hA l&rsquo;\u00c9cole de musique8 rue Paul D\u00e9roul\u00e8de67600 SELESTAT Nous suivre sur Facebook : Lien_Facebook Nous contacter<\/p>\n","protected":false},"author":1,"featured_media":0,"parent":0,"menu_order":0,"comment_status":"closed","ping_status":"closed","template":"","meta":{"_acf_changed":false,"_mc_calendar":[],"footnotes":""},"class_list":["post-256","page","type-page","status-publish","hentry"],"acf":[],"_links":{"self":[{"href":"https:\/\/acj-alsace.fr\/index.php\/wp-json\/wp\/v2\/pages\/256","targetHints":{"allow":["GET"]}}],"collection":[{"href":"https:\/\/acj-alsace.fr\/index.php\/wp-json\/wp\/v2\/pages"}],"about":[{"href":"https:\/\/acj-alsace.fr\/index.php\/wp-json\/wp\/v2\/types\/page"}],"author":[{"embeddable":true,"href":"https:\/\/acj-alsace.fr\/index.php\/wp-json\/wp\/v2\/users\/1"}],"replies":[{"embeddable":true,"href":"https:\/\/acj-alsace.fr\/index.php\/wp-json\/wp\/v2\/comments?post=256"}],"version-history":[{"count":7,"href":"https:\/\/acj-alsace.fr\/index.php\/wp-json\/wp\/v2\/pages\/256\/revisions"}],"predecessor-version":[{"id":2323,"href":"https:\/\/acj-alsace.fr\/index.php\/wp-json\/wp\/v2\/pages\/256\/revisions\/2323"}],"wp:attachment":[{"href":"https:\/\/acj-alsace.fr\/index.php\/wp-json\/wp\/v2\/media?parent=256"}],"curies":[{"name":"wp","href":"https:\/\/api.w.org\/{rel}","templated":true}]}}