{"id":1818,"date":"2025-08-11T17:50:45","date_gmt":"2025-08-11T15:50:45","guid":{"rendered":"https:\/\/acj-alsace.fr\/?page_id=1818"},"modified":"2025-10-19T18:02:07","modified_gmt":"2025-10-19T16:02:07","slug":"participation-au-projet-les-environnements","status":"publish","type":"page","link":"https:\/\/acj-alsace.fr\/index.php\/participation-au-projet-les-environnements\/","title":{"rendered":"Participation au projet \u00ab\u00a0Les Environnements\u00a0\u00bb"},"content":{"rendered":"\n<p>L&rsquo;<strong>Ensemble Vocal Allegro<\/strong> de Strasbourg a d\u00e9cid\u00e9, avec son nouveau chef <strong>Guillaume Frey<\/strong>, de prendre part au projet de <strong>Luciano Bibiloni<\/strong> en qualit\u00e9 de ch\u0153ur. La 3\u00e8me parte de leur ann\u00e9e (\u00e0 partir de mars) sera pleinement consacr\u00e9e \u00e0 ce projet.<\/p>\n\n\n\n<p>Si vous souhaitez rejoindre Allegro pour participer \u00e0 ce projet, merci de vous faire connaitre en utilisant le formulaire d&rsquo;inscription plus bas.<\/p>\n\n\n\n<p>Voici la <a href=\"https:\/\/www.canva.com\/design\/DAGVkeTalDM\/1XfbsGSB2xH5Prhrgh67sQ\/view?utm_content=DAGVkeTalDM&amp;utm_campaign=designshare&amp;utm_medium=link2&amp;utm_source=uniquelinks&amp;utlId=hc2d33c0c12\" target=\"_blank\" rel=\"noreferrer noopener\">PR\u00c9SENTATION<\/a> du projet <em>Les environnements<\/em>. (Avec un grand concert le 14 juin 2026 au Zenith de Strasbourg)<\/p>\n\n\n\n<p>Le programme comprend l\u2019oratorio <em>Les environnements<\/em>, bas\u00e9 sur l\u2019Op. 16 de Grieg, ainsi que des \u0153uvres de Di Giusto (Respiro) et Whitacre (The seal lullaby)<\/p>\n\n\n\n<p>Sur ce site, il y a plus d\u2019informations et notamment le calendrier et des exemples des enregistrements de travail mis \u00e0 disposition pour les ch\u0153urs\u00a0: <a href=\"https:\/\/chantez.eu\/les-environnements-saison-2025-2026\/\" target=\"_blank\" rel=\"noreferrer noopener\">https:\/\/chantez.eu\/les-environnements-saison-2025-2026\/<\/a><\/p>\n\n\n<div class=\"wpforms-container wpforms-container-full wpforms-block wpforms-block-ae1688d7-ab91-4011-a12f-ac670c20cabf\" id=\"wpforms-1812\"><form id=\"wpforms-form-1812\" class=\"wpforms-validate wpforms-form wpforms-ajax-form\" data-formid=\"1812\" method=\"post\" enctype=\"multipart\/form-data\" action=\"\/index.php\/wp-json\/wp\/v2\/pages\/1818\" data-token=\"0a0371de122d3556804023cac5b05c5e\" data-token-time=\"1776568006\"><noscript class=\"wpforms-error-noscript\">Veuillez activer JavaScript dans votre navigateur pour remplir ce formulaire.<\/noscript><div class=\"wpforms-field-container\"><div id=\"wpforms-1812-field_3-container\" class=\"wpforms-field wpforms-field-checkbox\" data-field-id=\"3\"><label class=\"wpforms-field-label\">Formulaire d&#039;inscription<\/label><ul id=\"wpforms-1812-field_3\"><li class=\"choice-1 depth-1\"><input type=\"checkbox\" id=\"wpforms-1812-field_3_1\" name=\"wpforms[fields][3][]\" value=\"Je souhaite participer avec l&#039;ensemble vocal Allegro au projet &quot;Les Environnements&quot;\"  ><label class=\"wpforms-field-label-inline\" for=\"wpforms-1812-field_3_1\">Je souhaite participer avec l&rsquo;ensemble vocal Allegro au projet \u00ab\u00a0Les Environnements\u00a0\u00bb<\/label><\/li><\/ul><\/div><div id=\"wpforms-1812-field_0-container\" class=\"wpforms-field wpforms-field-name\" data-field-id=\"0\"><label class=\"wpforms-field-label\">Nom <span class=\"wpforms-required-label\">*<\/span><\/label><div class=\"wpforms-field-row wpforms-field-medium\"><div class=\"wpforms-field-row-block wpforms-first wpforms-one-half\"><input type=\"text\" id=\"wpforms-1812-field_0\" class=\"wpforms-field-name-first wpforms-field-required\" name=\"wpforms[fields][0][first]\" required><label for=\"wpforms-1812-field_0\" class=\"wpforms-field-sublabel after\">Pr\u00e9nom<\/label><\/div><div class=\"wpforms-field-row-block wpforms-one-half\"><input type=\"text\" id=\"wpforms-1812-field_0-last\" class=\"wpforms-field-name-last wpforms-field-required\" name=\"wpforms[fields][0][last]\" required><label for=\"wpforms-1812-field_0-last\" class=\"wpforms-field-sublabel after\">Nom<\/label><\/div><\/div><\/div><div id=\"wpforms-1812-field_4-container\" class=\"wpforms-field wpforms-field-number\" data-field-id=\"4\"><label class=\"wpforms-field-label\" for=\"wpforms-1812-field_4\">T\u00e9l\u00e9phone<\/label><input type=\"number\" id=\"wpforms-1812-field_4\" class=\"wpforms-field-medium\" name=\"wpforms[fields][4]\" step=\"any\" ><\/div><div id=\"wpforms-1812-field_1-container\" class=\"wpforms-field wpforms-field-email\" data-field-id=\"1\"><label class=\"wpforms-field-label\" for=\"wpforms-1812-field_1\">E-mail <span class=\"wpforms-required-label\">*<\/span><\/label><input type=\"email\" id=\"wpforms-1812-field_1\" class=\"wpforms-field-medium wpforms-field-required\" name=\"wpforms[fields][1]\" spellcheck=\"false\" required><div class=\"wpforms-field-description\">Adresse qui sera utilis\u00e9 par Allegro pour prendre contact.<\/div><\/div><div id=\"wpforms-1812-field_13-container\" class=\"wpforms-field wpforms-field-radio wpforms-list-inline\" data-field-id=\"13\"><label class=\"wpforms-field-label\">Je chante dans un pupitre <span class=\"wpforms-required-label\">*<\/span><\/label><ul id=\"wpforms-1812-field_13\" class=\"wpforms-field-required\"><li class=\"choice-1 depth-1\"><input type=\"radio\" id=\"wpforms-1812-field_13_1\" name=\"wpforms[fields][13]\" value=\"Alto\" required ><label class=\"wpforms-field-label-inline\" for=\"wpforms-1812-field_13_1\">Alto<\/label><\/li><li class=\"choice-2 depth-1\"><input type=\"radio\" id=\"wpforms-1812-field_13_2\" name=\"wpforms[fields][13]\" value=\"Soprane\" required ><label class=\"wpforms-field-label-inline\" for=\"wpforms-1812-field_13_2\">Soprane<\/label><\/li><li class=\"choice-3 depth-1\"><input type=\"radio\" id=\"wpforms-1812-field_13_3\" name=\"wpforms[fields][13]\" value=\"Basse\" required ><label class=\"wpforms-field-label-inline\" for=\"wpforms-1812-field_13_3\">Basse<\/label><\/li><li class=\"choice-4 depth-1\"><input type=\"radio\" id=\"wpforms-1812-field_13_4\" name=\"wpforms[fields][13]\" value=\"Tenor\" required ><label class=\"wpforms-field-label-inline\" for=\"wpforms-1812-field_13_4\">Tenor<\/label><\/li><\/ul><\/div><div id=\"wpforms-1812-field_5-container\" class=\"wpforms-field wpforms-field-select wpforms-field-select-style-classic\" data-field-id=\"5\"><label class=\"wpforms-field-label\" for=\"wpforms-1812-field_5\">Je suis membre d&#039;une Chorale<\/label><select id=\"wpforms-1812-field_5\" class=\"wpforms-field-medium\" name=\"wpforms[fields][5]\"><option value=\"Non\"  class=\"choice-1 depth-1\"  >Non<\/option><option value=\"Choeur des 4 Saisons\"  class=\"choice-2 depth-1\"  >Choeur des 4 Saisons<\/option><option value=\"Ensemble Vocal Quintessence\"  class=\"choice-4 depth-1\"  >Ensemble Vocal Quintessence<\/option><option value=\"Ensemble Vocal Diapason\"  class=\"choice-5 depth-1\"  >Ensemble Vocal Diapason<\/option><option value=\"Chorale C\u00e9sarion\"  class=\"choice-6 depth-1\"  >Chorale C\u00e9sarion<\/option><option value=\"Chorale le S\u00e9lest&#039;A Coeur Joie\"  class=\"choice-7 depth-1\"  >Chorale le S\u00e9lest&rsquo;A Coeur Joie<\/option><option value=\"Chorale les Trouv\u00e8res\"  class=\"choice-8 depth-1\"  >Chorale les Trouv\u00e8res<\/option><option value=\"Chorale Invent&#039;Airs\"  class=\"choice-9 depth-1\"  >Chorale Invent&rsquo;Airs<\/option><option value=\"Autre (Merci d&#039;indiquer le nom de votre chorale dans le champ commentraire)\"  class=\"choice-10 depth-1\"  >Autre (Merci d&rsquo;indiquer le nom de votre chorale dans le champ commentraire)<\/option><\/select><\/div><div id=\"wpforms-1812-field_2-container\" class=\"wpforms-field wpforms-field-textarea\" data-field-id=\"2\"><label class=\"wpforms-field-label\" for=\"wpforms-1812-field_2\">Commentaire ou message<\/label><textarea id=\"wpforms-1812-field_2\" class=\"wpforms-field-medium\" name=\"wpforms[fields][2]\" ><\/textarea><\/div><\/div><!-- .wpforms-field-container --><div class=\"wpforms-recaptcha-container wpforms-is-recaptcha wpforms-is-recaptcha-type-v3\" ><input type=\"hidden\" name=\"wpforms[recaptcha]\" value=\"\"><\/div><div class=\"wpforms-submit-container\" ><input type=\"hidden\" name=\"wpforms[id]\" value=\"1812\"><input type=\"hidden\" name=\"page_title\" value=\"\"><input type=\"hidden\" name=\"page_url\" value=\"https:\/\/acj-alsace.fr\/index.php\/wp-json\/wp\/v2\/pages\/1818\"><input type=\"hidden\" name=\"url_referer\" value=\"\"><button type=\"submit\" name=\"wpforms[submit]\" id=\"wpforms-submit-1812\" class=\"wpforms-submit\" data-alt-text=\"Envoi...\" data-submit-text=\"Envoyer\" aria-live=\"assertive\" value=\"wpforms-submit\">Envoyer<\/button><img loading=\"lazy\" decoding=\"async\" src=\"https:\/\/acj-alsace.fr\/wp-content\/plugins\/wpforms-lite\/assets\/images\/submit-spin.svg\" class=\"wpforms-submit-spinner\" style=\"display: none;\" width=\"26\" height=\"26\" alt=\"Chargement en cours\"><\/div><\/form><\/div>  <!-- .wpforms-container -->\n\n\n<p><\/p>\n","protected":false},"excerpt":{"rendered":"<p>L&rsquo;Ensemble Vocal Allegro de Strasbourg a d\u00e9cid\u00e9, avec son nouveau chef Guillaume Frey, de prendre part au projet de Luciano Bibiloni en qualit\u00e9 de ch\u0153ur. La 3\u00e8me parte de leur ann\u00e9e (\u00e0 partir de mars) sera pleinement consacr\u00e9e \u00e0 ce <a class=\"more-link\" href=\"https:\/\/acj-alsace.fr\/index.php\/participation-au-projet-les-environnements\/\">Continuer la lecture <span class=\"screen-reader-text\">  Participation au projet \u00ab\u00a0Les Environnements\u00a0\u00bb<\/span><span class=\"meta-nav\">&rarr;<\/span><\/a><\/p>\n","protected":false},"author":1,"featured_media":0,"parent":0,"menu_order":0,"comment_status":"closed","ping_status":"closed","template":"","meta":{"_acf_changed":false,"_mc_calendar":[],"footnotes":""},"class_list":["post-1818","page","type-page","status-publish","hentry"],"acf":[],"_links":{"self":[{"href":"https:\/\/acj-alsace.fr\/index.php\/wp-json\/wp\/v2\/pages\/1818","targetHints":{"allow":["GET"]}}],"collection":[{"href":"https:\/\/acj-alsace.fr\/index.php\/wp-json\/wp\/v2\/pages"}],"about":[{"href":"https:\/\/acj-alsace.fr\/index.php\/wp-json\/wp\/v2\/types\/page"}],"author":[{"embeddable":true,"href":"https:\/\/acj-alsace.fr\/index.php\/wp-json\/wp\/v2\/users\/1"}],"replies":[{"embeddable":true,"href":"https:\/\/acj-alsace.fr\/index.php\/wp-json\/wp\/v2\/comments?post=1818"}],"version-history":[{"count":3,"href":"https:\/\/acj-alsace.fr\/index.php\/wp-json\/wp\/v2\/pages\/1818\/revisions"}],"predecessor-version":[{"id":2077,"href":"https:\/\/acj-alsace.fr\/index.php\/wp-json\/wp\/v2\/pages\/1818\/revisions\/2077"}],"wp:attachment":[{"href":"https:\/\/acj-alsace.fr\/index.php\/wp-json\/wp\/v2\/media?parent=1818"}],"curies":[{"name":"wp","href":"https:\/\/api.w.org\/{rel}","templated":true}]}}