{"id":1503,"date":"2024-11-12T23:39:04","date_gmt":"2024-11-12T22:39:04","guid":{"rendered":"https:\/\/acj-alsace.fr\/?page_id=1503"},"modified":"2026-03-25T15:24:56","modified_gmt":"2026-03-25T14:24:56","slug":"faire-un-don","status":"publish","type":"page","link":"https:\/\/acj-alsace.fr\/index.php\/faire-un-don\/","title":{"rendered":"Ensemble, faisons vivre le chant choral alsacien !"},"content":{"rendered":"\n<p>Appartenant au mouvement \u00c0 C\u0153ur Joie, notre association f\u00e9d\u00e8re les chorales et ensembles vocaux adh\u00e9rents de la r\u00e9gion Alsace.<\/p>\n\n\n\n<p>Notre vocation est de promouvoir le chant choral, une pratique artistique fond\u00e9e sur le plaisir de chanter ensemble. Car chanter en ch\u0153ur, ce n\u2019est pas seulement faire de la musique : c\u2019est partager, \u00e9couter, respirer ensemble, cr\u00e9er du lien et vivre une exp\u00e9rience humaine unique. Nous accompagnons \u00e9galement la formation des cheffes et chefs de ch\u0153ur ainsi que celle des choristes, afin de faire vivre et progresser cet art accessible \u00e0 tous.<\/p>\n\n\n\n<p>Au-del\u00e0 du plaisir qu\u2019il procure, le chant choral constitue un v\u00e9ritable facteur d\u2019\u00e9panouissement humain. Il favorise la m\u00e9moire, la concentration, l\u2019\u00e9coute des autres et la confiance en soi. Il rassemble des personnes de tous \u00e2ges et de tous horizons autour d\u2019un projet commun, dans un esprit de respect, de coop\u00e9ration et de convivialit\u00e9.<\/p>\n\n\n\n<p>Cette activit\u00e9 culturelle contribue \u00e9galement \u00e0 renforcer le tissu social de notre territoire. Les concerts et \u00e9v\u00e9nements propos\u00e9s par les diff\u00e9rents ch\u0153urs enrichissent la vie culturelle de nos communes et cr\u00e9ent des moments d\u2019\u00e9motion partag\u00e9e, qui r\u00e9sonnent durablement dans le c\u0153ur des auditeurs.<\/p>\n\n\n\n<p>Notre association fonctionne gr\u00e2ce \u00e0 l\u2019engagement de b\u00e9n\u00e9voles, dans un cadre associatif \u00e0 but non lucratif. Depuis 1948, \u00e0 travers ce mouvement d\u2019\u00e9ducation populaire d\u00e9di\u00e9 au chant choral, nous portons les valeurs de partage, d\u2019entraide et de solidarit\u00e9 qui fondent notre action. Dans un monde marqu\u00e9 par une individualisation croissante, ces valeurs nous apparaissent plus que jamais essentielles.<\/p>\n\n\n\n<p>Localement, nos moyens restent modestes. Nous nous attachons n\u00e9anmoins \u00e0 proposer et animer des activit\u00e9s de chant choral accessibles \u00e0 toutes et \u00e0 tous, sans distinction, et notamment aux jeunes, aux personnes isol\u00e9es ou aux publics les plus d\u00e9munis.<\/p>\n\n\n\n<p>Notre association \u00e9tant reconnue d\u2019int\u00e9r\u00eat g\u00e9n\u00e9ral, les dons que vous nous accordez ouvrent droit \u00e0 une r\u00e9duction d\u2019imp\u00f4t : 66 % du montant du don pour les particuliers et 60 % pour les entreprises, dans les limites pr\u00e9vues par la l\u00e9gislation en vigueur. Nous sommes habilit\u00e9s \u00e0 d\u00e9livrer les re\u00e7us fiscaux correspondants.<\/p>\n\n\n\n<p>Par votre don, vous ne soutenez pas seulement une association : vous permettez \u00e0 des personnes de chanter, de se rencontrer, de cr\u00e9er et de partager des moments qui comptent. Vous contribuez \u00e0 faire vivre la culture, le lien social et la joie de chanter ensemble.<\/p>\n\n\n\n<p>Nous vous remercions sinc\u00e8rement pour l\u2019attention que vous porterez \u00e0 notre d\u00e9marche et pour le soutien que vous pourrez nous apporter.<\/p>\n\n\n\n<iframe id=\"haWidgetLight\" allowtransparency=\"true\" allow=\"payment\" scrolling=\"auto\" src=\"https:\/\/www.helloasso.com\/associations\/pole-a-coeur-joie-alsace\/formulaires\/1\/widget?view=form\" style=\"width: clamp(500px, 100%, 26rem); margin: 0 auto; border: none;height: 1000px\" onload=\"window.addEventListener('message', e => {const dataHeight = e.data.height; const haWidgetElement = document.getElementById(&lsquo;haWidgetLight&rsquo;); haWidgetElement.height = dataHeight + &lsquo;px&rsquo;;})\u00a0\u00bb><\/iframe>\n\n\n\n<p><\/p>\n","protected":false},"excerpt":{"rendered":"<p>Appartenant au mouvement \u00c0 C\u0153ur Joie, notre association f\u00e9d\u00e8re les chorales et ensembles vocaux adh\u00e9rents de la r\u00e9gion Alsace. Notre vocation est de promouvoir le chant choral, une pratique artistique fond\u00e9e sur le plaisir de chanter ensemble. Car chanter en <a class=\"more-link\" href=\"https:\/\/acj-alsace.fr\/index.php\/faire-un-don\/\">Continuer la lecture <span class=\"screen-reader-text\">  Ensemble, faisons vivre le chant choral alsacien !<\/span><span class=\"meta-nav\">&rarr;<\/span><\/a><\/p>\n","protected":false},"author":1,"featured_media":0,"parent":0,"menu_order":0,"comment_status":"closed","ping_status":"closed","template":"","meta":{"_acf_changed":false,"_mc_calendar":[],"footnotes":""},"class_list":["post-1503","page","type-page","status-publish","hentry"],"acf":[],"_links":{"self":[{"href":"https:\/\/acj-alsace.fr\/index.php\/wp-json\/wp\/v2\/pages\/1503","targetHints":{"allow":["GET"]}}],"collection":[{"href":"https:\/\/acj-alsace.fr\/index.php\/wp-json\/wp\/v2\/pages"}],"about":[{"href":"https:\/\/acj-alsace.fr\/index.php\/wp-json\/wp\/v2\/types\/page"}],"author":[{"embeddable":true,"href":"https:\/\/acj-alsace.fr\/index.php\/wp-json\/wp\/v2\/users\/1"}],"replies":[{"embeddable":true,"href":"https:\/\/acj-alsace.fr\/index.php\/wp-json\/wp\/v2\/comments?post=1503"}],"version-history":[{"count":15,"href":"https:\/\/acj-alsace.fr\/index.php\/wp-json\/wp\/v2\/pages\/1503\/revisions"}],"predecessor-version":[{"id":2285,"href":"https:\/\/acj-alsace.fr\/index.php\/wp-json\/wp\/v2\/pages\/1503\/revisions\/2285"}],"wp:attachment":[{"href":"https:\/\/acj-alsace.fr\/index.php\/wp-json\/wp\/v2\/media?parent=1503"}],"curies":[{"name":"wp","href":"https:\/\/api.w.org\/{rel}","templated":true}]}}