{"id":1283,"date":"2024-09-02T19:18:47","date_gmt":"2024-09-02T17:18:47","guid":{"rendered":"https:\/\/acj-alsace.fr\/?page_id=1283"},"modified":"2024-09-02T19:18:57","modified_gmt":"2024-09-02T17:18:57","slug":"mouv-sing-20-octobre-2024","status":"publish","type":"page","link":"https:\/\/acj-alsace.fr\/index.php\/mouv-sing-20-octobre-2024\/","title":{"rendered":"Mouv &amp; Sing &#8211; 20 octobre 2024"},"content":{"rendered":"<div class=\"wpforms-container wpforms-container-full wpforms-block wpforms-block-945e7844-e05c-4769-9791-4ec034fe9fe2\" id=\"wpforms-1289\"><form id=\"wpforms-form-1289\" class=\"wpforms-validate wpforms-form wpforms-ajax-form\" data-formid=\"1289\" method=\"post\" enctype=\"multipart\/form-data\" action=\"\/index.php\/wp-json\/wp\/v2\/pages\/1283\" data-token=\"24c21f6efbbfd11548fdada2ebecba5c\" data-token-time=\"1777570479\"><noscript class=\"wpforms-error-noscript\">Veuillez activer JavaScript dans votre navigateur pour remplir ce formulaire.<\/noscript><div class=\"wpforms-field-container\"><div id=\"wpforms-1289-field_3-container\" class=\"wpforms-field wpforms-field-checkbox\" data-field-id=\"3\"><label class=\"wpforms-field-label\">Formulaire d&#039;inscription<\/label><ul id=\"wpforms-1289-field_3\"><li class=\"choice-1 depth-1\"><input type=\"checkbox\" id=\"wpforms-1289-field_3_1\" name=\"wpforms[fields][3][]\" value=\"Je souhaite participer aux journ\u00e9es chantantes\"  ><label class=\"wpforms-field-label-inline\" for=\"wpforms-1289-field_3_1\">Je souhaite participer aux journ\u00e9es chantantes<\/label><\/li><li class=\"choice-2 depth-1\"><input type=\"checkbox\" id=\"wpforms-1289-field_3_2\" name=\"wpforms[fields][3][]\" value=\"Je r\u00e8glerai sur place ma participation (par ch\u00e8que ou en liquide)\"  ><label class=\"wpforms-field-label-inline\" for=\"wpforms-1289-field_3_2\">Je r\u00e8glerai sur place ma participation (par ch\u00e8que ou en liquide)<\/label><\/li><li class=\"choice-3 depth-1\"><input type=\"checkbox\" id=\"wpforms-1289-field_3_3\" name=\"wpforms[fields][3][]\" value=\"Je pr\u00e9f\u00e8re un r\u00e9glement anticip\u00e9 en vous envoyant un ch\u00e8que ou par un r\u00e9glement en ligne\"  ><label class=\"wpforms-field-label-inline\" for=\"wpforms-1289-field_3_3\">Je pr\u00e9f\u00e8re un r\u00e9glement anticip\u00e9 en vous envoyant un ch\u00e8que ou par un r\u00e9glement en ligne<\/label><\/li><\/ul><div class=\"wpforms-field-description\">Si vous optez pour un r\u00e8glement anticip\u00e9, nous vous enverrons les modalit\u00e9s de paiement.<\/div><\/div><div id=\"wpforms-1289-field_0-container\" class=\"wpforms-field wpforms-field-name\" data-field-id=\"0\"><label class=\"wpforms-field-label\">Nom <span class=\"wpforms-required-label\">*<\/span><\/label><div class=\"wpforms-field-row wpforms-field-medium\"><div class=\"wpforms-field-row-block wpforms-first wpforms-one-half\"><input type=\"text\" id=\"wpforms-1289-field_0\" class=\"wpforms-field-name-first wpforms-field-required\" name=\"wpforms[fields][0][first]\" required><label for=\"wpforms-1289-field_0\" class=\"wpforms-field-sublabel after\">Pr\u00e9nom<\/label><\/div><div class=\"wpforms-field-row-block wpforms-one-half\"><input type=\"text\" id=\"wpforms-1289-field_0-last\" class=\"wpforms-field-name-last wpforms-field-required\" name=\"wpforms[fields][0][last]\" required><label for=\"wpforms-1289-field_0-last\" class=\"wpforms-field-sublabel after\">Nom<\/label><\/div><\/div><\/div><div id=\"wpforms-1289-field_4-container\" class=\"wpforms-field wpforms-field-number\" data-field-id=\"4\"><label class=\"wpforms-field-label\" for=\"wpforms-1289-field_4\">T\u00e9l\u00e9phone<\/label><input type=\"number\" id=\"wpforms-1289-field_4\" class=\"wpforms-field-medium\" name=\"wpforms[fields][4]\" step=\"any\" ><\/div><div id=\"wpforms-1289-field_1-container\" class=\"wpforms-field wpforms-field-email\" data-field-id=\"1\"><label class=\"wpforms-field-label\" for=\"wpforms-1289-field_1\">E-mail <span class=\"wpforms-required-label\">*<\/span><\/label><input type=\"email\" id=\"wpforms-1289-field_1\" class=\"wpforms-field-medium wpforms-field-required\" name=\"wpforms[fields][1]\" spellcheck=\"false\" required><\/div><div id=\"wpforms-1289-field_5-container\" class=\"wpforms-field wpforms-field-select wpforms-field-select-style-classic\" data-field-id=\"5\"><label class=\"wpforms-field-label\" for=\"wpforms-1289-field_5\">Je suis membre d&#039;un Choeur adh\u00e9rent A Coeur Joie.<\/label><select id=\"wpforms-1289-field_5\" class=\"wpforms-field-medium\" name=\"wpforms[fields][5]\"><option value=\"Non\"  class=\"choice-1 depth-1\"  >Non<\/option><option value=\"Choeur des 4 Saisons\"  class=\"choice-2 depth-1\"  >Choeur des 4 Saisons<\/option><option value=\"Ensemble Vocal Allegro\"  class=\"choice-3 depth-1\"  >Ensemble Vocal Allegro<\/option><option value=\"Ensemble Vocal Quintessence\"  class=\"choice-4 depth-1\"  >Ensemble Vocal Quintessence<\/option><option value=\"Ensemble Vocal Diapason\"  class=\"choice-5 depth-1\"  >Ensemble Vocal Diapason<\/option><option value=\"Chorale C\u00e9sarion\"  class=\"choice-6 depth-1\"  >Chorale C\u00e9sarion<\/option><option value=\"Chorale le S\u00e9lest&#039;A Coeur Joie\"  class=\"choice-7 depth-1\"  >Chorale le S\u00e9lest&rsquo;A Coeur Joie<\/option><option value=\"Chorale les Trouv\u00e8res\"  class=\"choice-8 depth-1\"  >Chorale les Trouv\u00e8res<\/option><option value=\"Chorale Invent&#039;Airs\"  class=\"choice-9 depth-1\"  >Chorale Invent&rsquo;Airs<\/option><option value=\"Autre\"  class=\"choice-10 depth-1\"  >Autre<\/option><\/select><\/div><div id=\"wpforms-1289-field_13-container\" class=\"wpforms-field wpforms-field-radio wpforms-list-inline\" data-field-id=\"13\"><label class=\"wpforms-field-label\">Je chante dans un pupitre <span class=\"wpforms-required-label\">*<\/span><\/label><ul id=\"wpforms-1289-field_13\" class=\"wpforms-field-required\"><li class=\"choice-1 depth-1\"><input type=\"radio\" id=\"wpforms-1289-field_13_1\" name=\"wpforms[fields][13]\" value=\"Alto\" required ><label class=\"wpforms-field-label-inline\" for=\"wpforms-1289-field_13_1\">Alto<\/label><\/li><li class=\"choice-2 depth-1\"><input type=\"radio\" id=\"wpforms-1289-field_13_2\" name=\"wpforms[fields][13]\" value=\"Soprane\" required ><label class=\"wpforms-field-label-inline\" for=\"wpforms-1289-field_13_2\">Soprane<\/label><\/li><li class=\"choice-3 depth-1\"><input type=\"radio\" id=\"wpforms-1289-field_13_3\" name=\"wpforms[fields][13]\" value=\"Basse\" required ><label class=\"wpforms-field-label-inline\" for=\"wpforms-1289-field_13_3\">Basse<\/label><\/li><li class=\"choice-4 depth-1\"><input type=\"radio\" id=\"wpforms-1289-field_13_4\" name=\"wpforms[fields][13]\" value=\"Tenor\" required ><label class=\"wpforms-field-label-inline\" for=\"wpforms-1289-field_13_4\">Tenor<\/label><\/li><li class=\"choice-5 depth-1\"><input type=\"radio\" id=\"wpforms-1289-field_13_5\" name=\"wpforms[fields][13]\" value=\"Ne sais pas\" required ><label class=\"wpforms-field-label-inline\" for=\"wpforms-1289-field_13_5\">Ne sais pas<\/label><\/li><\/ul><\/div><div id=\"wpforms-1289-field_12-container\" class=\"wpforms-field wpforms-field-checkbox wpforms-list-inline\" data-field-id=\"12\"><label class=\"wpforms-field-label\">Je suis moi-m\u00eame membre A Coeur Joie <span class=\"wpforms-required-label\">*<\/span><\/label><ul id=\"wpforms-1289-field_12\" class=\"wpforms-field-required\"><li class=\"choice-1 depth-1\"><input type=\"checkbox\" id=\"wpforms-1289-field_12_1\" name=\"wpforms[fields][12][]\" value=\"Oui\" required ><label class=\"wpforms-field-label-inline\" for=\"wpforms-1289-field_12_1\">Oui<\/label><\/li><li class=\"choice-2 depth-1\"><input type=\"checkbox\" id=\"wpforms-1289-field_12_2\" name=\"wpforms[fields][12][]\" value=\"Non\" required ><label class=\"wpforms-field-label-inline\" for=\"wpforms-1289-field_12_2\">Non<\/label><\/li><\/ul><\/div><div id=\"wpforms-1289-field_11-container\" class=\"wpforms-field wpforms-field-checkbox\" data-field-id=\"11\"><label class=\"wpforms-field-label\">Co-voiturage (une mise en relation sera organis\u00e9e si convergence de trajet)<\/label><ul id=\"wpforms-1289-field_11\"><li class=\"choice-1 depth-1\"><input type=\"checkbox\" id=\"wpforms-1289-field_11_1\" name=\"wpforms[fields][11][]\" value=\"Je veux bien transporter une ou plusieurs personnes\"  ><label class=\"wpforms-field-label-inline\" for=\"wpforms-1289-field_11_1\">Je veux bien transporter une ou plusieurs personnes<\/label><\/li><li class=\"choice-2 depth-1\"><input type=\"checkbox\" id=\"wpforms-1289-field_11_2\" name=\"wpforms[fields][11][]\" value=\"Je veux bien \u00eatre transport\u00e9(e) par un(e) autre choriste\"  ><label class=\"wpforms-field-label-inline\" for=\"wpforms-1289-field_11_2\">Je veux bien \u00eatre transport\u00e9(e) par un(e) autre choriste<\/label><\/li><\/ul><\/div><div id=\"wpforms-1289-field_14-container\" class=\"wpforms-field wpforms-field-text\" data-field-id=\"14\"><label class=\"wpforms-field-label\" for=\"wpforms-1289-field_14\">En cas de co-voiturage, indiquer votre lieu de d\u00e9part<\/label><input type=\"text\" id=\"wpforms-1289-field_14\" class=\"wpforms-field-medium\" name=\"wpforms[fields][14]\" ><\/div><div id=\"wpforms-1289-field_2-container\" class=\"wpforms-field wpforms-field-textarea\" data-field-id=\"2\"><label class=\"wpforms-field-label\" for=\"wpforms-1289-field_2\">Commentaire ou message<\/label><textarea id=\"wpforms-1289-field_2\" class=\"wpforms-field-medium\" name=\"wpforms[fields][2]\" ><\/textarea><\/div><div id=\"wpforms-1289-field_15-container\" class=\"wpforms-field wpforms-field-checkbox\" data-field-id=\"15\"><label class=\"wpforms-field-label\">Droit \u00e0 l\u2019image<\/label><ul id=\"wpforms-1289-field_15\"><li class=\"choice-1 depth-1\"><input type=\"checkbox\" id=\"wpforms-1289-field_15_1\" name=\"wpforms[fields][15][]\" value=\"J&#039;exerce mon droit \u00e0 l\u2019image je m\u2019oppose \u00e0 toute captation ou diffusion de mon image (photos\/vid\u00e9os).\"  ><label class=\"wpforms-field-label-inline\" for=\"wpforms-1289-field_15_1\">J&rsquo;exerce mon droit \u00e0 l\u2019image je m\u2019oppose \u00e0 toute captation ou diffusion de mon image (photos\/vid\u00e9os).<\/label><\/li><\/ul><div class=\"wpforms-field-description\">(Sans opposition, une petite r\u00e9trospective sera r\u00e9alis\u00e9e).<\/div><\/div><\/div><!-- .wpforms-field-container --><div class=\"wpforms-recaptcha-container wpforms-is-recaptcha wpforms-is-recaptcha-type-v3\" ><input type=\"hidden\" name=\"wpforms[recaptcha]\" value=\"\"><\/div><div class=\"wpforms-submit-container\" ><input type=\"hidden\" name=\"wpforms[id]\" value=\"1289\"><input type=\"hidden\" name=\"page_title\" value=\"\"><input type=\"hidden\" name=\"page_url\" value=\"https:\/\/acj-alsace.fr\/index.php\/wp-json\/wp\/v2\/pages\/1283\"><input type=\"hidden\" name=\"url_referer\" value=\"\"><button type=\"submit\" name=\"wpforms[submit]\" id=\"wpforms-submit-1289\" class=\"wpforms-submit\" data-alt-text=\"Envoi...\" data-submit-text=\"Envoyer\" aria-live=\"assertive\" value=\"wpforms-submit\">Envoyer<\/button><img loading=\"lazy\" decoding=\"async\" src=\"https:\/\/acj-alsace.fr\/wp-content\/plugins\/wpforms-lite\/assets\/images\/submit-spin.svg\" class=\"wpforms-submit-spinner\" style=\"display: none;\" width=\"26\" height=\"26\" alt=\"Chargement en cours\"><\/div><\/form><\/div>  <!-- .wpforms-container -->\n\n\n<p><\/p>\n","protected":false},"excerpt":{"rendered":"","protected":false},"author":1,"featured_media":0,"parent":0,"menu_order":0,"comment_status":"closed","ping_status":"closed","template":"","meta":{"_acf_changed":false,"_mc_calendar":[],"footnotes":""},"class_list":["post-1283","page","type-page","status-publish","hentry"],"acf":[],"_links":{"self":[{"href":"https:\/\/acj-alsace.fr\/index.php\/wp-json\/wp\/v2\/pages\/1283","targetHints":{"allow":["GET"]}}],"collection":[{"href":"https:\/\/acj-alsace.fr\/index.php\/wp-json\/wp\/v2\/pages"}],"about":[{"href":"https:\/\/acj-alsace.fr\/index.php\/wp-json\/wp\/v2\/types\/page"}],"author":[{"embeddable":true,"href":"https:\/\/acj-alsace.fr\/index.php\/wp-json\/wp\/v2\/users\/1"}],"replies":[{"embeddable":true,"href":"https:\/\/acj-alsace.fr\/index.php\/wp-json\/wp\/v2\/comments?post=1283"}],"version-history":[{"count":2,"href":"https:\/\/acj-alsace.fr\/index.php\/wp-json\/wp\/v2\/pages\/1283\/revisions"}],"predecessor-version":[{"id":1312,"href":"https:\/\/acj-alsace.fr\/index.php\/wp-json\/wp\/v2\/pages\/1283\/revisions\/1312"}],"wp:attachment":[{"href":"https:\/\/acj-alsace.fr\/index.php\/wp-json\/wp\/v2\/media?parent=1283"}],"curies":[{"name":"wp","href":"https:\/\/api.w.org\/{rel}","templated":true}]}}